{"id":20,"date":"2014-06-20T10:05:30","date_gmt":"2014-06-20T09:05:30","guid":{"rendered":"http:\/\/s529271377.onlinehome.fr\/siteweb\/?page_id=20"},"modified":"2017-10-19T21:15:53","modified_gmt":"2017-10-19T20:15:53","slug":"mission-des-afc","status":"publish","type":"page","link":"https:\/\/www.afc69.fr\/?page_id=20","title":{"rendered":"Mission des AFC"},"content":{"rendered":"<p><i>\u00ab\u00a0Des<strong> rep\u00e8res<\/strong> pour comprendre, des <strong>repr\u00e9sentants<\/strong> pour agir\u00a0!\u00a0\u00bb<\/i><\/p>\n<p>Les Associations Familiales Catholiques sont un cadre d&rsquo;engagement et d&rsquo;entraide offert \u00e0 tous ceux qui veulent agir dans la soci\u00e9t\u00e9 au service de la famille \u00e0 la lumi\u00e8re de l&rsquo;enseignement de l&rsquo;Eglise Catholique.<br \/>\nPr\u00e9sentes sur tout le territoire fran\u00e7ais, y compris dans les DOM-TOM, les AFC repr\u00e9sentent 30 000 familles adh\u00e9rentes, r\u00e9parties dans pr\u00e8s de 350 AFC locales et 74 F\u00e9d\u00e9rations d\u00e9partementales.<\/p>\n<p><strong>Notre mission :<\/strong><br \/>\nValoriser la famille fond\u00e9e sur le mariage et ouverte \u00e0 la vie comme chemin de bonheur et d&rsquo;\u00e9panouissement de la personne.<br \/>\nDiscerner localement les besoins des familles et prendre des initiatives pour y r\u00e9pondre : services, rencontres, formation, aide \u00e9ducative&#8230;<br \/>\nEtre une force de proposition permanente aupr\u00e8s des acteurs \u00e9conomiques, sociaux et politiques, pour que le choix de la famille et l&rsquo;accueil de l&rsquo;enfant soient facilit\u00e9s.<\/p>\n<p><strong>Notre objectif<\/strong> :<br \/>\nPromouvoir la famille, communaut\u00e9 de vie et d&rsquo;amour d&rsquo;un homme et d&rsquo;une femme, fond\u00e9e sur le mariage, lien indissoluble, librement consenti, publiquement affirm\u00e9, ouverte \u00e0 la vie, \u00e9ducatrice de ses membres, cellule de base de la soci\u00e9t\u00e9, source du bien-\u00eatre de la personne et de la soci\u00e9t\u00e9. (Charte des Droits de la Famille, Saint-Si\u00e8ge\u20141983)<\/p>\n<p><strong>Nous \u0153uvrons chaque jour pour :<\/strong><\/p>\n<ul>\n<li>La politique familiale<\/li>\n<li>L&rsquo;\u00e9ducation<\/li>\n<li>La conjugalit\u00e9<\/li>\n<li>La bio\u00e9thique<\/li>\n<li>La repr\u00e9sentation politique<\/li>\n<li>L&rsquo;international<\/li>\n<li>Les m\u00e9dias<\/li>\n<li>La consommation<\/li>\n<\/ul>\n<p>&nbsp;<\/p>\n","protected":false},"excerpt":{"rendered":"<p>\u00ab\u00a0Des rep\u00e8res pour comprendre, des repr\u00e9sentants pour agir\u00a0!\u00a0\u00bb Les Associations Familiales Catholiques sont un cadre d&rsquo;engagement et d&rsquo;entraide offert \u00e0 tous ceux qui veulent agir dans la soci\u00e9t\u00e9 au service de la famille \u00e0 la lumi\u00e8re de l&rsquo;enseignement de l&rsquo;Eglise &hellip; <a href=\"https:\/\/www.afc69.fr\/?page_id=20\">Continuer la lecture <span class=\"meta-nav\">&rarr;<\/span><\/a><\/p>\n","protected":false},"author":2,"featured_media":0,"parent":0,"menu_order":0,"comment_status":"open","ping_status":"open","template":"","meta":{"footnotes":""},"class_list":["post-20","page","type-page","status-publish","hentry"],"_links":{"self":[{"href":"https:\/\/www.afc69.fr\/index.php?rest_route=\/wp\/v2\/pages\/20","targetHints":{"allow":["GET"]}}],"collection":[{"href":"https:\/\/www.afc69.fr\/index.php?rest_route=\/wp\/v2\/pages"}],"about":[{"href":"https:\/\/www.afc69.fr\/index.php?rest_route=\/wp\/v2\/types\/page"}],"author":[{"embeddable":true,"href":"https:\/\/www.afc69.fr\/index.php?rest_route=\/wp\/v2\/users\/2"}],"replies":[{"embeddable":true,"href":"https:\/\/www.afc69.fr\/index.php?rest_route=%2Fwp%2Fv2%2Fcomments&post=20"}],"version-history":[{"count":7,"href":"https:\/\/www.afc69.fr\/index.php?rest_route=\/wp\/v2\/pages\/20\/revisions"}],"predecessor-version":[{"id":318,"href":"https:\/\/www.afc69.fr\/index.php?rest_route=\/wp\/v2\/pages\/20\/revisions\/318"}],"wp:attachment":[{"href":"https:\/\/www.afc69.fr\/index.php?rest_route=%2Fwp%2Fv2%2Fmedia&parent=20"}],"curies":[{"name":"wp","href":"https:\/\/api.w.org\/{rel}","templated":true}]}}