{"id":18,"date":"2014-06-20T10:05:09","date_gmt":"2014-06-20T09:05:09","guid":{"rendered":"http:\/\/s529271377.onlinehome.fr\/siteweb\/?page_id=18"},"modified":"2017-10-19T21:12:17","modified_gmt":"2017-10-19T20:12:17","slug":"historique","status":"publish","type":"page","link":"https:\/\/www.afc69.fr\/?page_id=18","title":{"rendered":"Historique des AFC"},"content":{"rendered":"<p>* <strong>1905 \u2013 1914 Naissance des Associations Catholiques de Chefs de Famille<\/strong><\/p>\n<p>En 1905, profitant de la toute nouvelle loi sur les associations, le chanoine Tournier cr\u00e9e la premi\u00e8re Association Catholique de Chefs de Famille. Son exemple est suivi, les associations se multiplient, et se regroupent en 1911 dans une Union Nationale des ACCF. En 1914, on compte 762 associations et 32 f\u00e9d\u00e9rations d\u00e9partementales \u00e0 travers la France. Cette ann\u00e9e l\u00e0 un important congr\u00e8s est organis\u00e9 \u00e0 Lyon, dans le but de pr\u00e9ciser les orientations des ACCF : fond\u00e9es au d\u00e9part pour soutenir l\u2019enseignement catholique et veiller au respect des consciences dans l\u2019\u00e9cole publique, les ACCF se donnent aussi pour vocation de promouvoir la famille \u00e0 la lumi\u00e8re de la doctrine et de la morale catholique, et de favoriser la formation de la jeunesse.<\/p>\n<p>* <strong>1919 \u2013 1947 Le mouvement familial se structure en France<\/strong><\/p>\n<p>Apr\u00e8s la grande guerre, l\u2019Eglise de France encourage officiellement les ACCF a reprendre leur travail. En 1920, les ACCF participent, avec d\u2019autres mouvements familiaux, au congr\u00e8s de Lille, qui adopte la premi\u00e8re \u00ab d\u00e9claration des droits de la famille \u00bb. Trois ans plus tard, ce sont des \u00ab Etats G\u00e9n\u00e9raux \u00bb de la famille qui d\u00e9finissent les grandes lignes d\u2019une politique de la natalit\u00e9. La famille devient un sujet de pr\u00e9occupation pour les responsables politiques, encourag\u00e9s par le travail des associations : en juillet 1939 le \u00ab Code la Famille \u00bb est promulgu\u00e9 et les allocations familiales sont institu\u00e9es. Le 3 mars 1945, le gouvernement publie une ordonnance portant cr\u00e9ation de l\u2019UNAF (Union Nationale des Associations Familiales), des UDAF (Unions D\u00e9partementales) et du Corps Familial (conf\u00e9d\u00e9rations, f\u00e9d\u00e9rations et associations locales). Les ACCF participent \u00e0 cette \u00e9volution et publient, au Journal Officiel du 19 septembre 1947 la d\u00e9claration de constitution de leur Conf\u00e9d\u00e9ration Nationale.<\/p>\n<p>* <strong>1955 \u2013 1990 Des ACCF aux AFC<\/strong><\/p>\n<p>En 1955, les Associations Catholiques de Chefs de Famille se dotent de nouveaux statuts et cr\u00e9ent la Conf\u00e9d\u00e9ration des Associations Familiales Catholiques. Les \u00ab AFC \u00bb sont n\u00e9es (m\u00eame si le sigle \u00ab ACCF \u00bb ne dispara\u00eetra vraiment qu\u2019en 1981). Cinq ans plus tard, au cours d\u2019une Assembl\u00e9e G\u00e9n\u00e9rale \u00e0 Saint Etienne, la double mission du mouvement est pr\u00e9cis\u00e9e :<\/p>\n<p>&#8211; d\u00e9fendre les int\u00e9r\u00eats spirituels, moraux et mat\u00e9riels des familles par une participation accrue aux U.D.A.F et \u00e0 l&rsquo;U.N.A.F. et par des interventions directes aupr\u00e8s des pouvoirs publics et pour mettre en pratique la doctrine familiale de l&rsquo;Eglise.<br \/>\n&#8211; apporter aux familles le soutien spirituel et l&rsquo;aide \u00e9ducative n\u00e9cessaires pour remplir leur mission d&rsquo;\u00e9poux, de parents et d&rsquo;\u00e9ducateurs, en m\u00eame temps que les services pratiques .<\/p>\n<p>Dans les ann\u00e9es 1980, poursuivant le d\u00e9veloppement des services pratiques destin\u00e9s aux familles, les AFC deviennent \u00ab association nationale de d\u00e9fense des consommateurs \u00bb : la CNAFC re\u00e7oit l\u2019agr\u00e9ment de l\u2019Etat le 9 octobre 1987.<\/p>\n<p>* <strong>1990 \u2013 2002 Vers les AFC du troisi\u00e8me mill\u00e9naire<\/strong><\/p>\n<p>Dans les ann\u00e9es 1990, les AFC entreprennent une grande r\u00e9flexion destin\u00e9e \u00e0 adapter de fa\u00e7on positive leur fonctionnement aux conditions du monde moderne .C&rsquo;est ainsi qu&rsquo;ils organisent le 19 octobre 1991, dans les jardins du Trocad\u00e9ro une manifestation : \u00ab la Vie \u00e0 C\u0153ur \u00bb rassemblant de nombreux mouvements et personnalit\u00e9s (20 000 personnes) qui t\u00e9moign\u00e8rent de leur d\u00e9sir d&rsquo;accueillir toute vie humaine.<br \/>\nR\u00e9affirmant leur caract\u00e8re catholique, et r\u00e9solues \u00e0 collaborer, en tant que mouvement de la\u00efcs, \u00e0 la pastorale familiale de l&rsquo;Eglise, les AFC signent le 6 octobre 1992, un protocole avec la communaut\u00e9 eccl\u00e9siale renouvel\u00e9 en 1996 et 2003 Il est en 2008 sur le point d&rsquo;\u00eatre sign\u00e9, apr\u00e8s une nouvelle r\u00e9vision.<\/p>\n<p>En 1999, lors d&rsquo;un congr\u00e8s \u00e0 Lourdes, les AFC confirment leur attitude r\u00e9solument constructive. Monseigneur Ardura, alors secr\u00e9taire du Conseil Pontifical pour la Culture, qui patronne ce congr\u00e8s, \u00e9crit :<br \/>\n\u00ab le d\u00e9fi du 3\u00e8me mill\u00e9naire sera sans doute celui de la red\u00e9couverte de la responsabilit\u00e9 personnelle et familiale. Les familles catholiques trouveront dans l\u2019enseignement de l\u2019Eglise, non seulement un id\u00e9al, mais encore des valeurs et des points de r\u00e9f\u00e9rence susceptibles de les aider dans les choix et les orientations de la vie concr\u00e8te \u00bb.<\/p>\n<p>Les AFC puisent dans ce congr\u00e8s les forces d\u2019un \u00e9lan nouveau. Un an plus tard, les AFC adoptent \u00e0 l\u2019unanimit\u00e9 la \u00ab charte de l\u2019an 2000 \u00bb :<\/p>\n<p>Fruit d\u2019un travail collectif, la charte reformule les fondements des AFC, leur vocation et leurs missions, dans la fid\u00e9lit\u00e9 \u00e0 la Doctrine Sociale de l\u2019Eglise, avec pour objectif de mieux r\u00e9pondre aux opportunit\u00e9s et aux exigences de l\u2019environnement actuel. C\u2019est un passeport entre les AFC d\u2019hier et les AFC de demain.<\/p>\n<p>* <strong>2004-2006 Les AFC f\u00eatent leurs 100 ans<\/strong><\/p>\n<p>La CNAFC est reconnue d\u2019utilit\u00e9 publique par l\u2019Etat.<\/p>\n<p>* <strong>2007 \u00e0 aujourd&rsquo;hui<\/strong><br \/>\nPr\u00e9paration et r\u00e9alisation d\u2019une grande campagne de sensibilisation \u00e0 l\u2019occasion des \u00e9ch\u00e9ances \u00e9lectorales fran\u00e7aises (pr\u00e9sidentielle et l\u00e9gislatives)<br \/>\nPr\u00e9sidence de l\u2019OMF Europe par Fran\u00e7oise Meauz\u00e9<br \/>\nAgr\u00e9ment sant\u00e9 obtenu en d\u00e9cembre 2008.<\/p>\n<p>Pr\u00e9sidence de la FAFCE en juillet 2009 (mandat de 3 ans)<\/p>\n<p>Plus de 600 chantiers \u00e9ducation !<\/p>\n<p>Les AFC sont le troisi\u00e8me mouvement familial en France.<\/p>\n<p>&nbsp;<\/p>\n","protected":false},"excerpt":{"rendered":"<p>* 1905 \u2013 1914 Naissance des Associations Catholiques de Chefs de Famille En 1905, profitant de la toute nouvelle loi sur les associations, le chanoine Tournier cr\u00e9e la premi\u00e8re Association Catholique de Chefs de Famille. Son exemple est suivi, les &hellip; <a href=\"https:\/\/www.afc69.fr\/?page_id=18\">Continuer la lecture <span class=\"meta-nav\">&rarr;<\/span><\/a><\/p>\n","protected":false},"author":2,"featured_media":0,"parent":0,"menu_order":0,"comment_status":"open","ping_status":"open","template":"","meta":{"footnotes":""},"class_list":["post-18","page","type-page","status-publish","hentry"],"_links":{"self":[{"href":"https:\/\/www.afc69.fr\/index.php?rest_route=\/wp\/v2\/pages\/18","targetHints":{"allow":["GET"]}}],"collection":[{"href":"https:\/\/www.afc69.fr\/index.php?rest_route=\/wp\/v2\/pages"}],"about":[{"href":"https:\/\/www.afc69.fr\/index.php?rest_route=\/wp\/v2\/types\/page"}],"author":[{"embeddable":true,"href":"https:\/\/www.afc69.fr\/index.php?rest_route=\/wp\/v2\/users\/2"}],"replies":[{"embeddable":true,"href":"https:\/\/www.afc69.fr\/index.php?rest_route=%2Fwp%2Fv2%2Fcomments&post=18"}],"version-history":[{"count":6,"href":"https:\/\/www.afc69.fr\/index.php?rest_route=\/wp\/v2\/pages\/18\/revisions"}],"predecessor-version":[{"id":1511,"href":"https:\/\/www.afc69.fr\/index.php?rest_route=\/wp\/v2\/pages\/18\/revisions\/1511"}],"wp:attachment":[{"href":"https:\/\/www.afc69.fr\/index.php?rest_route=%2Fwp%2Fv2%2Fmedia&parent=18"}],"curies":[{"name":"wp","href":"https:\/\/api.w.org\/{rel}","templated":true}]}}