{"id":1547,"date":"2017-10-20T07:40:10","date_gmt":"2017-10-20T06:40:10","guid":{"rendered":"http:\/\/www.afc69.fr\/?page_id=1547"},"modified":"2025-12-17T17:06:58","modified_gmt":"2025-12-17T16:06:58","slug":"afc-villefranche-beaujolais","status":"publish","type":"page","link":"https:\/\/www.afc69.fr\/?page_id=1547","title":{"rendered":"AFC Villefranche &#8211; Beaujolais"},"content":{"rendered":"<p>L\u2019AFC Villefranche-Beaujolais a \u00e9t\u00e9 cr\u00e9\u00e9e en avril 2014.<\/p>\n<p>En <strong>2024<\/strong>, elle compte 53 familles adh\u00e9rentes.<\/p>\n<div>\n<p>Marie LA SELVE : pr\u00e9sidente<\/p>\n<p><strong>Contact<\/strong>: marielaselve@hotmail.fr<\/p>\n<p>Pour adh\u00e9rer: <a href=\"https:\/\/felix.afc-france.org\/espace-adherent\/login?utm_source=AFCfrance&amp;utm_medium=boutonmenu_site&amp;utm_campaign=constant\">Odoo (afc-france.org)<\/a><\/p>\n<p>Pour s&rsquo;abonner \u00e0 la newsletter hebdomadaire: <a href=\"https:\/\/www.afc69.fr\/\">AFC 69 | F\u00e9d\u00e9ration des Associations Familiales Catholiques du Rh\u00f4ne<\/a><\/p>\n<\/div>\n\n\n<p class=\"has-text-align-center\">Pour soutenir la Famille, <a href=\"https:\/\/www.afc69.fr\/?page_id=1385\">adh\u00e9rez en ligne !<\/a><\/p>\n\n\n\n<p class=\"has-text-align-center\">La cotisation de base est maintenue \u00e0 32\u20ac<\/p>\n\n\n\n<p class=\"has-text-align-center\">La cotisation de soutien \u00e0 50\u20ac<\/p>\n\n\n<\/div>","protected":false},"excerpt":{"rendered":"<p>L\u2019AFC Villefranche-Beaujolais a \u00e9t\u00e9 cr\u00e9\u00e9e en avril 2014. En 2024, elle compte 53 familles adh\u00e9rentes. Marie LA SELVE : pr\u00e9sidente Contact: marielaselve@hotmail.fr Pour adh\u00e9rer: Odoo (afc-france.org) Pour s&rsquo;abonner \u00e0 la newsletter hebdomadaire: AFC 69 | F\u00e9d\u00e9ration des Associations Familiales Catholiques &hellip; <a href=\"https:\/\/www.afc69.fr\/?page_id=1547\">Continuer la lecture <span class=\"meta-nav\">&rarr;<\/span><\/a><\/p>\n","protected":false},"author":2,"featured_media":0,"parent":0,"menu_order":0,"comment_status":"closed","ping_status":"closed","template":"","meta":{"footnotes":""},"class_list":["post-1547","page","type-page","status-publish","hentry"],"_links":{"self":[{"href":"https:\/\/www.afc69.fr\/index.php?rest_route=\/wp\/v2\/pages\/1547","targetHints":{"allow":["GET"]}}],"collection":[{"href":"https:\/\/www.afc69.fr\/index.php?rest_route=\/wp\/v2\/pages"}],"about":[{"href":"https:\/\/www.afc69.fr\/index.php?rest_route=\/wp\/v2\/types\/page"}],"author":[{"embeddable":true,"href":"https:\/\/www.afc69.fr\/index.php?rest_route=\/wp\/v2\/users\/2"}],"replies":[{"embeddable":true,"href":"https:\/\/www.afc69.fr\/index.php?rest_route=%2Fwp%2Fv2%2Fcomments&post=1547"}],"version-history":[{"count":10,"href":"https:\/\/www.afc69.fr\/index.php?rest_route=\/wp\/v2\/pages\/1547\/revisions"}],"predecessor-version":[{"id":16840,"href":"https:\/\/www.afc69.fr\/index.php?rest_route=\/wp\/v2\/pages\/1547\/revisions\/16840"}],"wp:attachment":[{"href":"https:\/\/www.afc69.fr\/index.php?rest_route=%2Fwp%2Fv2%2Fmedia&parent=1547"}],"curies":[{"name":"wp","href":"https:\/\/api.w.org\/{rel}","templated":true}]}}