{"id":1545,"date":"2017-10-20T07:39:36","date_gmt":"2017-10-20T06:39:36","guid":{"rendered":"http:\/\/www.afc69.fr\/?page_id=1545"},"modified":"2025-01-20T15:09:40","modified_gmt":"2025-01-20T14:09:40","slug":"afc-saint-irenee-presentation","status":"publish","type":"page","link":"https:\/\/www.afc69.fr\/?page_id=1545","title":{"rendered":"AFC Saint Ir\u00e9n\u00e9e"},"content":{"rendered":"<p><strong>L&rsquo;AFC Saint Ir\u00e9n\u00e9e compte en 2023<\/strong> : 107 familles adh\u00e9rentes<\/p>\n<p><strong>Contact: desaintmarc2000@yahoo.fr<\/strong><\/p>\n<p>Sa pr\u00e9sidente est\u00a0 Marie-Sophie de Closmadeuc<\/p>\n<p>Pour adh\u00e9rer: <a href=\"https:\/\/felix.afc-france.org\/espace-adherent\/login?utm_source=AFCfrance&amp;utm_medium=boutonmenu_site&amp;utm_campaign=constant\">Odoo (afc-france.org)<\/a><\/p>\n<p>Pour s&rsquo;abonner \u00e0 la newsletter: <a href=\"https:\/\/www.afc69.fr\/\">AFC 69 | F\u00e9d\u00e9ration des Associations Familiales Catholiques du Rh\u00f4ne<\/a><\/p>\n\n\n<p class=\"has-text-align-center\">Pour soutenir la Famille, <a href=\"https:\/\/www.afc69.fr\/?page_id=1385\">adh\u00e9rez en ligne !<\/a><\/p>\n\n\n\n<p class=\"has-text-align-center\">La cotisation de base est maintenue \u00e0 35\u20ac<\/p>\n\n\n\n<p class=\"has-text-align-center\">La cotisation de soutien \u00e0 50\u20ac<\/p>\n","protected":false},"excerpt":{"rendered":"<p>L&rsquo;AFC Saint Ir\u00e9n\u00e9e compte en 2023 : 107 familles adh\u00e9rentes Contact: desaintmarc2000@yahoo.fr Sa pr\u00e9sidente est\u00a0 Marie-Sophie de Closmadeuc Pour adh\u00e9rer: Odoo (afc-france.org) Pour s&rsquo;abonner \u00e0 la newsletter: AFC 69 | F\u00e9d\u00e9ration des Associations Familiales Catholiques du Rh\u00f4ne Pour soutenir la &hellip; <a href=\"https:\/\/www.afc69.fr\/?page_id=1545\">Continuer la lecture <span class=\"meta-nav\">&rarr;<\/span><\/a><\/p>\n","protected":false},"author":2,"featured_media":0,"parent":0,"menu_order":0,"comment_status":"closed","ping_status":"closed","template":"","meta":{"footnotes":""},"class_list":["post-1545","page","type-page","status-publish","hentry"],"_links":{"self":[{"href":"https:\/\/www.afc69.fr\/index.php?rest_route=\/wp\/v2\/pages\/1545","targetHints":{"allow":["GET"]}}],"collection":[{"href":"https:\/\/www.afc69.fr\/index.php?rest_route=\/wp\/v2\/pages"}],"about":[{"href":"https:\/\/www.afc69.fr\/index.php?rest_route=\/wp\/v2\/types\/page"}],"author":[{"embeddable":true,"href":"https:\/\/www.afc69.fr\/index.php?rest_route=\/wp\/v2\/users\/2"}],"replies":[{"embeddable":true,"href":"https:\/\/www.afc69.fr\/index.php?rest_route=%2Fwp%2Fv2%2Fcomments&post=1545"}],"version-history":[{"count":8,"href":"https:\/\/www.afc69.fr\/index.php?rest_route=\/wp\/v2\/pages\/1545\/revisions"}],"predecessor-version":[{"id":14481,"href":"https:\/\/www.afc69.fr\/index.php?rest_route=\/wp\/v2\/pages\/1545\/revisions\/14481"}],"wp:attachment":[{"href":"https:\/\/www.afc69.fr\/index.php?rest_route=%2Fwp%2Fv2%2Fmedia&parent=1545"}],"curies":[{"name":"wp","href":"https:\/\/api.w.org\/{rel}","templated":true}]}}