{"id":1543,"date":"2017-10-20T07:38:49","date_gmt":"2017-10-20T06:38:49","guid":{"rendered":"http:\/\/www.afc69.fr\/?page_id=1543"},"modified":"2025-01-20T15:10:18","modified_gmt":"2025-01-20T14:10:18","slug":"afc-saint-jean-marie-vianney-presentation","status":"publish","type":"page","link":"https:\/\/www.afc69.fr\/?page_id=1543","title":{"rendered":"AFC Saint Jean-Marie Vianney"},"content":{"rendered":"<div>L\u2019AFC Saint Jean-Marie Vianney existe depuis 1991<strong>. <\/strong><\/div>\n<div>\u00a0<\/div>\n<div><strong>En 2024, <\/strong>elle compte : 185 familles adh\u00e9rentes.<\/div>\n<div>\u00a0<\/div>\n<div><strong>Contact<\/strong>: afc.stjmv@gmail.com<\/div>\n<div class=\"x_gmail_quote\">\n<p>Th\u00e9r\u00e8se LUISIER, Pr\u00e9sidente<\/p>\n<\/div>\n\n\n<p class=\"has-text-align-center\">Pour soutenir la Famille, <a href=\"https:\/\/www.afc69.fr\/?page_id=1385\">adh\u00e9rez en ligne !<\/a><\/p>\n\n\n\n<p class=\"has-text-align-center\">La cotisation de base est maintenue \u00e0 35\u20ac<\/p>\n\n\n\n<p class=\"has-text-align-center\">La cotisation de soutien \u00e0 50\u20ac<\/p>\n","protected":false},"excerpt":{"rendered":"<p>L\u2019AFC Saint Jean-Marie Vianney existe depuis 1991. \u00a0 En 2024, elle compte : 185 familles adh\u00e9rentes. \u00a0 Contact: afc.stjmv@gmail.com Th\u00e9r\u00e8se LUISIER, Pr\u00e9sidente Pour soutenir la Famille, adh\u00e9rez en ligne ! La cotisation de base est maintenue \u00e0 35\u20ac La cotisation &hellip; <a href=\"https:\/\/www.afc69.fr\/?page_id=1543\">Continuer la lecture <span class=\"meta-nav\">&rarr;<\/span><\/a><\/p>\n","protected":false},"author":2,"featured_media":0,"parent":0,"menu_order":0,"comment_status":"closed","ping_status":"closed","template":"","meta":{"footnotes":""},"class_list":["post-1543","page","type-page","status-publish","hentry"],"_links":{"self":[{"href":"https:\/\/www.afc69.fr\/index.php?rest_route=\/wp\/v2\/pages\/1543","targetHints":{"allow":["GET"]}}],"collection":[{"href":"https:\/\/www.afc69.fr\/index.php?rest_route=\/wp\/v2\/pages"}],"about":[{"href":"https:\/\/www.afc69.fr\/index.php?rest_route=\/wp\/v2\/types\/page"}],"author":[{"embeddable":true,"href":"https:\/\/www.afc69.fr\/index.php?rest_route=\/wp\/v2\/users\/2"}],"replies":[{"embeddable":true,"href":"https:\/\/www.afc69.fr\/index.php?rest_route=%2Fwp%2Fv2%2Fcomments&post=1543"}],"version-history":[{"count":12,"href":"https:\/\/www.afc69.fr\/index.php?rest_route=\/wp\/v2\/pages\/1543\/revisions"}],"predecessor-version":[{"id":14482,"href":"https:\/\/www.afc69.fr\/index.php?rest_route=\/wp\/v2\/pages\/1543\/revisions\/14482"}],"wp:attachment":[{"href":"https:\/\/www.afc69.fr\/index.php?rest_route=%2Fwp%2Fv2%2Fmedia&parent=1543"}],"curies":[{"name":"wp","href":"https:\/\/api.w.org\/{rel}","templated":true}]}}