{"id":1537,"date":"2017-10-20T07:36:52","date_gmt":"2017-10-20T06:36:52","guid":{"rendered":"http:\/\/www.afc69.fr\/?page_id=1537"},"modified":"2017-10-20T14:00:26","modified_gmt":"2017-10-20T13:00:26","slug":"unafudaf-presentation","status":"publish","type":"page","link":"https:\/\/www.afc69.fr\/?page_id=1537","title":{"rendered":"UNAF\/UDAF &#8211; Pr\u00e9sentation"},"content":{"rendered":"<h1>Qu&rsquo;est-ce que l&rsquo;UNAF ?<\/h1>\n<p>L&rsquo;<a href=\"http:\/\/www.unaf.fr\/\">Union Nationale des Associations Familiales<\/a>(UNAF) est une institution nationale charg\u00e9e de promouvoir, d\u00e9fendre et repr\u00e9senter les int\u00e9r\u00eats de toutes les familles vivant sur le territoire fran\u00e7ais, quelles que soient leurs croyances ou leur appartenance politique.<\/p>\n<p>Union et non f\u00e9d\u00e9ration d&rsquo;associations, elle permet aux familles de s&rsquo;exprimer, dans toute leur diversit\u00e9, pour une politique familiale globale, innovante et forte.<\/p>\n<p>Elle anime le r\u00e9seau des 22 Unions R\u00e9gionales des Associations Familiales (URAF) et des 100 Unions D\u00e9partementales des Associations Familiales (UDAF), et les appuie dans leurs missions institutionnelles et de services aux familles.<\/p>\n<p>&nbsp;<\/p>\n<h2>Les repr\u00e9sentants des AFC \u00e0 l&rsquo;UNAF:<\/h2>\n<p>&#8211; Christiane Basset (membre du Bureau &#8211; pr\u00e9sidente du d\u00e9partement Europe-International)<br \/>\n&#8211; Michel Fohrenbach<br \/>\n&#8211; Marie-Pierre Gariel<br \/>\n&#8211; Laurent Giry (membre du Bureau)<br \/>\n&#8211; Morgane Lenain<br \/>\n&#8211; Aristide Payet<br \/>\n&#8211; M\u00e9riadec Rivi\u00e8re<\/p>\n<h1>Qu&rsquo;est-ce que L&rsquo;UDAF ?<\/h1>\n<p>Une UDAF (Union D\u00e9partementale des Associations Familiales) est une institution charg\u00e9e, \u00e0 l&rsquo;\u00e9chelon d\u00e9partemental, des m\u00eames missions que l&rsquo;UNAF.<br \/>\nJuridiquement ind\u00e9pendantes de l&rsquo;UNAF, les UDAF ont, comme elle, le statut d&rsquo;association loi 1901, sont reconnues d&rsquo;utilit\u00e9 publique, et ne regroupent que des personnes morales.<\/p>\n","protected":false},"excerpt":{"rendered":"<p>Qu&rsquo;est-ce que l&rsquo;UNAF ? L&rsquo;Union Nationale des Associations Familiales(UNAF) est une institution nationale charg\u00e9e de promouvoir, d\u00e9fendre et repr\u00e9senter les int\u00e9r\u00eats de toutes les familles vivant sur le territoire fran\u00e7ais, quelles que soient leurs croyances ou leur appartenance politique. Union &hellip; <a href=\"https:\/\/www.afc69.fr\/?page_id=1537\">Continuer la lecture <span class=\"meta-nav\">&rarr;<\/span><\/a><\/p>\n","protected":false},"author":1,"featured_media":0,"parent":0,"menu_order":0,"comment_status":"closed","ping_status":"closed","template":"","meta":{"footnotes":""},"class_list":["post-1537","page","type-page","status-publish","hentry"],"_links":{"self":[{"href":"https:\/\/www.afc69.fr\/index.php?rest_route=\/wp\/v2\/pages\/1537","targetHints":{"allow":["GET"]}}],"collection":[{"href":"https:\/\/www.afc69.fr\/index.php?rest_route=\/wp\/v2\/pages"}],"about":[{"href":"https:\/\/www.afc69.fr\/index.php?rest_route=\/wp\/v2\/types\/page"}],"author":[{"embeddable":true,"href":"https:\/\/www.afc69.fr\/index.php?rest_route=\/wp\/v2\/users\/1"}],"replies":[{"embeddable":true,"href":"https:\/\/www.afc69.fr\/index.php?rest_route=%2Fwp%2Fv2%2Fcomments&post=1537"}],"version-history":[{"count":3,"href":"https:\/\/www.afc69.fr\/index.php?rest_route=\/wp\/v2\/pages\/1537\/revisions"}],"predecessor-version":[{"id":1573,"href":"https:\/\/www.afc69.fr\/index.php?rest_route=\/wp\/v2\/pages\/1537\/revisions\/1573"}],"wp:attachment":[{"href":"https:\/\/www.afc69.fr\/index.php?rest_route=%2Fwp%2Fv2%2Fmedia&parent=1537"}],"curies":[{"name":"wp","href":"https:\/\/api.w.org\/{rel}","templated":true}]}}