{"id":1381,"date":"2017-10-12T09:17:45","date_gmt":"2017-10-12T08:17:45","guid":{"rendered":"http:\/\/www.afc69.fr\/?page_id=1381"},"modified":"2018-11-15T15:37:46","modified_gmt":"2018-11-15T13:37:46","slug":"fafce-presentation","status":"publish","type":"page","link":"https:\/\/www.afc69.fr\/?page_id=1381","title":{"rendered":"FAFCE &#8211; Pr\u00e9sentation"},"content":{"rendered":"<p>La F\u00e9d\u00e9ration des Associations Familiales Catholiques en Europe (FAFCE) a \u00e9t\u00e9 cr\u00e9\u00e9e en 1997. Elle est reconnue par le Conseil de l\u2019Europe comme une Organisation Non Gouvernementale dot\u00e9e d\u2019un statut participatif. La FAFCE travaille aussi bien avec les institutions de l\u2019Union Europ\u00e9enne qu\u2019avec le Conseil de l\u2019Europe.<br \/>\nLa FACFE a pour vocation de promouvoir sur un plan politique les int\u00e9r\u00eats de la famille. Adoptant dans sa d\u00e9marche un regard chr\u00e9tien, elle s\u2019appuie sur l\u2019enseignement social et familial de l\u2019\u00c9glise Catholique ainsi que sur le t\u00e9moignage de foi et la connaissance issue de l\u2019exp\u00e9rience des Chr\u00e9tiens dans l\u2019\u00c9glise et la soci\u00e9t\u00e9.<br \/>\nLa FAFCE est une organisation de tutelle ayant un r\u00f4le de plateforme europ\u00e9enne de liaison entre tous ses membres, permettant l\u2019\u00e9change d\u2019exp\u00e9riences concernant l\u2019accompagnement pastoral de la famille et les questions de politique familiale. Nos associations membres y contribuent en apportant leurs comp\u00e9tences importantes concernant la foi catholique et en nous donnant des contacts au niveau national et local.<br \/>\nLa FAFCE est la seule organisation familiale Europ\u00e9enne qui se r\u00e9clame explicitement de la Doctrine sociale de l\u2019\u00c9glise catholique.<\/p>\n<p>La F\u00e9d\u00e9ration des Associations Familiales Catholiques en Europe (FAFCE) repr\u00e9sente 22 associations locales et nationales: c&rsquo;est la voix des familles d&rsquo;une perspective catholique au niveau europ\u00e9en. La FAFCE d\u00e9tient un statut participatif aupr\u00e8s du Conseil de l&rsquo;Europe et fait partie de la plateforme des droits fondamentaux de l&rsquo;Union europ\u00e9enne.<\/p>\n<p>Retrouvez le site de la FAFC en Europe :<a href=\"http:\/\/www.fafce.org\/index.php?lang=fr\">\u00a0http:\/\/www.fafce.org\/index.php?lang=fr<\/a><\/p>\n","protected":false},"excerpt":{"rendered":"<p>La F\u00e9d\u00e9ration des Associations Familiales Catholiques en Europe (FAFCE) a \u00e9t\u00e9 cr\u00e9\u00e9e en 1997. Elle est reconnue par le Conseil de l\u2019Europe comme une Organisation Non Gouvernementale dot\u00e9e d\u2019un statut participatif. La FAFCE travaille aussi bien avec les institutions de &hellip; <a href=\"https:\/\/www.afc69.fr\/?page_id=1381\">Continuer la lecture <span class=\"meta-nav\">&rarr;<\/span><\/a><\/p>\n","protected":false},"author":2,"featured_media":0,"parent":0,"menu_order":0,"comment_status":"closed","ping_status":"closed","template":"","meta":{"footnotes":""},"class_list":["post-1381","page","type-page","status-publish","hentry"],"_links":{"self":[{"href":"https:\/\/www.afc69.fr\/index.php?rest_route=\/wp\/v2\/pages\/1381","targetHints":{"allow":["GET"]}}],"collection":[{"href":"https:\/\/www.afc69.fr\/index.php?rest_route=\/wp\/v2\/pages"}],"about":[{"href":"https:\/\/www.afc69.fr\/index.php?rest_route=\/wp\/v2\/types\/page"}],"author":[{"embeddable":true,"href":"https:\/\/www.afc69.fr\/index.php?rest_route=\/wp\/v2\/users\/2"}],"replies":[{"embeddable":true,"href":"https:\/\/www.afc69.fr\/index.php?rest_route=%2Fwp%2Fv2%2Fcomments&post=1381"}],"version-history":[{"count":4,"href":"https:\/\/www.afc69.fr\/index.php?rest_route=\/wp\/v2\/pages\/1381\/revisions"}],"predecessor-version":[{"id":3214,"href":"https:\/\/www.afc69.fr\/index.php?rest_route=\/wp\/v2\/pages\/1381\/revisions\/3214"}],"wp:attachment":[{"href":"https:\/\/www.afc69.fr\/index.php?rest_route=%2Fwp%2Fv2%2Fmedia&parent=1381"}],"curies":[{"name":"wp","href":"https:\/\/api.w.org\/{rel}","templated":true}]}}