{"id":1379,"date":"2017-10-12T09:17:03","date_gmt":"2017-10-12T08:17:03","guid":{"rendered":"http:\/\/www.afc69.fr\/?page_id=1379"},"modified":"2025-03-17T15:40:42","modified_gmt":"2025-03-17T14:40:42","slug":"les-chantiers-education","status":"publish","type":"page","link":"https:\/\/www.afc69.fr\/?page_id=1379","title":{"rendered":"LES CHANTIERS-EDUCATION."},"content":{"rendered":"<div class=\"wp-block-image\">\n<figure class=\"aligncenter size-full\"><a href=\"https:\/\/www.afc69.fr\/wp-content\/uploads\/2025\/03\/image-39.png\"><img loading=\"lazy\" decoding=\"async\" width=\"400\" height=\"572\" src=\"https:\/\/www.afc69.fr\/wp-content\/uploads\/2025\/03\/image-39.png\" alt=\"\" class=\"wp-image-14913\" srcset=\"https:\/\/www.afc69.fr\/wp-content\/uploads\/2025\/03\/image-39.png 400w, https:\/\/www.afc69.fr\/wp-content\/uploads\/2025\/03\/image-39-210x300.png 210w\" sizes=\"auto, (max-width: 400px) 100vw, 400px\" \/><\/a><\/figure>\n<\/div>\n\n<p>Un Chantier-Education est un lieu d\u2019\u00e9coute, d&rsquo;\u00e9change et de partage entre parents sur les questions d\u2019\u00e9ducation.<\/p>\n<p><strong>\u00c9ducation : donner confiance aux parents<\/strong><br \/>Depuis plus de 25 ans, les Chantiers-\u00c9ducation, cr\u00e9\u00e9s au sein des AFC, soutiennent les parents dans leur mission de premiers et de principaux \u00e9ducateurs de leurs enfants.<br \/>Ouverts \u00e0 tous, les \u00ab Chantiers \u00bb sont un temps d\u2019\u00e9coute, d\u2019\u00e9change et de partage sur les questions \u00e9ducatives.<br \/>En \u00e9quipe de 6 \u00e0 10, les parents se rencontrent une fois par mois pendant l\u2019ann\u00e9e scolaire. Les sujets sont vari\u00e9s : les rivalit\u00e9s fr\u00e8res-s\u0153urs, l\u2019articulation vie familiale-vie professionnelle, les \u00e9crans, les peurs de nos enfants, la confiance en soi, l\u2019autonomie\u2026 Les participants y enrichissent leurs exp\u00e9riences quotidiennes d\u2019\u00e9ducation et d\u00e9veloppent leurs comp\u00e9tences \u00e0 rechercher le Bien pour chaque enfant.<br \/>Aujourd\u2019hui, plus de 600 Chantiers-\u00c9ducation fonctionnent en France et \u00e0 l\u2019\u00e9tranger. Des Chantiers-Education sp\u00e9cifiques se d\u00e9veloppent autour du handicap, de la pr\u00e9cocit\u00e9, ou en partenariat avec d\u2019autres associations ou des mairies. Des Chantiers de grands-parents se multiplient.<br \/>Rejoindre un Chantier-Education est pour les parents un tremplin pour \u00e9largir ses mani\u00e8res d\u2019\u00eatre et de faire pour \u00e9duquer ses enfants.<\/p>\n<p><a href=\"https:\/\/www.afc-france.org\/nos-services\/les-chantiers-education\/\">Les Chantiers-\u00c9ducation &#8211; Associations Familiales Catholiques<\/a><\/p>\n<p><strong>Contacts :<\/strong><br \/>Blandine GIRARDON<\/p>\n<p>R\u00e9f\u00e9rentes Chantiers-Education du Rh\u00f4ne<\/p>\n<p>chantier.education69@gmail.com<\/p>\n\n\n<p><strong>Contact pour les Chantiers Education Grands-M\u00e8res:<\/strong><\/p>\n\n\n\n<p>Noyale GIRARD: <a href=\"mailto:noyalegirard@gmail.com\">noyalegirard@gmail.com<\/a><\/p>\n\n\n\n<p><\/p>\n","protected":false},"excerpt":{"rendered":"<p>Un Chantier-Education est un lieu d\u2019\u00e9coute, d&rsquo;\u00e9change et de partage entre parents sur les questions d\u2019\u00e9ducation. \u00c9ducation : donner confiance aux parentsDepuis plus de 25 ans, les Chantiers-\u00c9ducation, cr\u00e9\u00e9s au sein des AFC, soutiennent les parents dans leur mission de &hellip; <a href=\"https:\/\/www.afc69.fr\/?page_id=1379\">Continuer la lecture <span class=\"meta-nav\">&rarr;<\/span><\/a><\/p>\n","protected":false},"author":2,"featured_media":0,"parent":0,"menu_order":0,"comment_status":"closed","ping_status":"closed","template":"","meta":{"footnotes":""},"class_list":["post-1379","page","type-page","status-publish","hentry"],"_links":{"self":[{"href":"https:\/\/www.afc69.fr\/index.php?rest_route=\/wp\/v2\/pages\/1379","targetHints":{"allow":["GET"]}}],"collection":[{"href":"https:\/\/www.afc69.fr\/index.php?rest_route=\/wp\/v2\/pages"}],"about":[{"href":"https:\/\/www.afc69.fr\/index.php?rest_route=\/wp\/v2\/types\/page"}],"author":[{"embeddable":true,"href":"https:\/\/www.afc69.fr\/index.php?rest_route=\/wp\/v2\/users\/2"}],"replies":[{"embeddable":true,"href":"https:\/\/www.afc69.fr\/index.php?rest_route=%2Fwp%2Fv2%2Fcomments&post=1379"}],"version-history":[{"count":8,"href":"https:\/\/www.afc69.fr\/index.php?rest_route=\/wp\/v2\/pages\/1379\/revisions"}],"predecessor-version":[{"id":14914,"href":"https:\/\/www.afc69.fr\/index.php?rest_route=\/wp\/v2\/pages\/1379\/revisions\/14914"}],"wp:attachment":[{"href":"https:\/\/www.afc69.fr\/index.php?rest_route=%2Fwp%2Fv2%2Fmedia&parent=1379"}],"curies":[{"name":"wp","href":"https:\/\/api.w.org\/{rel}","templated":true}]}}