{"id":1377,"date":"2017-10-12T09:16:17","date_gmt":"2017-10-12T08:16:17","guid":{"rendered":"http:\/\/www.afc69.fr\/?page_id=1377"},"modified":"2025-12-17T17:09:58","modified_gmt":"2025-12-17T16:09:58","slug":"federation-du-rhone","status":"publish","type":"page","link":"https:\/\/www.afc69.fr\/?page_id=1377","title":{"rendered":"FEDERATION DES AFC DU RH\u00d4NE"},"content":{"rendered":"<div class=\"wp-block-image\">\n<figure class=\"aligncenter size-large\"><a href=\"https:\/\/www.afc69.fr\/wp-content\/uploads\/2025\/03\/Logo-LOCAL_H-RGB-1-scaled.jpg\"><img loading=\"lazy\" decoding=\"async\" width=\"1024\" height=\"409\" src=\"https:\/\/www.afc69.fr\/wp-content\/uploads\/2025\/03\/Logo-LOCAL_H-RGB-1-1024x409.jpg\" alt=\"\" class=\"wp-image-14908\" srcset=\"https:\/\/www.afc69.fr\/wp-content\/uploads\/2025\/03\/Logo-LOCAL_H-RGB-1-1024x409.jpg 1024w, https:\/\/www.afc69.fr\/wp-content\/uploads\/2025\/03\/Logo-LOCAL_H-RGB-1-300x120.jpg 300w, https:\/\/www.afc69.fr\/wp-content\/uploads\/2025\/03\/Logo-LOCAL_H-RGB-1-768x307.jpg 768w, https:\/\/www.afc69.fr\/wp-content\/uploads\/2025\/03\/Logo-LOCAL_H-RGB-1-1536x614.jpg 1536w, https:\/\/www.afc69.fr\/wp-content\/uploads\/2025\/03\/Logo-LOCAL_H-RGB-1-2048x818.jpg 2048w, https:\/\/www.afc69.fr\/wp-content\/uploads\/2025\/03\/Logo-LOCAL_H-RGB-1-500x200.jpg 500w, https:\/\/www.afc69.fr\/wp-content\/uploads\/2025\/03\/Logo-LOCAL_H-RGB-1-1320x527.jpg 1320w\" sizes=\"auto, (max-width: 1024px) 100vw, 1024px\" \/><\/a><\/figure>\n<\/div>\n\n<p style=\"text-align: left;\"><strong>La f\u00e9d\u00e9ration des AFC du Rh\u00f4ne (ou FAFC du Rh\u00f4ne) regroupe les cinq AFC locales du d\u00e9partement.<\/strong><\/p>\n<p>Elle f\u00eate en 2017 ses 50 ans d&rsquo;existence !<\/p>\n<p>Depuis 2024, le pr\u00e9sident de la f\u00e9d\u00e9ration du Rh\u00f4ne est Marc Vittoz.<\/p>\n<p>C\u2019est le 5 janvier 1967 que 21 personnes se sont retrouv\u00e9es pour lancer l\u2019Association Familiale Catholique du Rh\u00f4ne dont le si\u00e8ge fut \u00e9tabli 20, rue Bellecordi\u00e8re\u00a0 \u00e0 Lyon.<br \/>D\u00e9clar\u00e9e en pr\u00e9fecture le 22 juin1967, elle est publi\u00e9e au Journal Officiel le 25 juillet 1967.<br \/>Elle cotisa aussit\u00f4t\u00a0 \u00e0 l\u2019UDAF et L\u2019UNAF.<br \/>Les sections locales d\u00e9marr\u00e8rent \u00e0 partir de 1987.<br \/>En 1989, l\u2019association comptait environ 1000 adh\u00e9rents et tint une Assembl\u00e9e G\u00e9n\u00e9rale Extraordinaire en vue de constituer la F\u00e9d\u00e9ration des AFC du Rh\u00f4ne le 15 novembre. Ayant toujours\u00a0 \u00e0\u00a0 c\u0153ur l\u2019Enseignement Social de l\u2019Eglise et l\u2019engagement dans la cit\u00e9, son but \u00e9tait d\u2019orienter, animer et coordonner les associations f\u00e9d\u00e9r\u00e9es.<br \/>Celles-ci en 1993 au nombre de 8( Lyon-Rive-Gauche, Croix \u2013Rousse, Saint-Jean-Marie Vianney, Ouest-Lyonnais, Presqu\u2019Ile,\u00a0 Est- Lyonnais, Beaujolais \u2013Val-de \u2013Sa\u00f4ne) sont en 2017 au nombre de 5 (Presqu\u2019Ile -Croix-Rousse, Lyon-Rive-Gauche, Saint-Jean-Marie-Vianney, Saint-Ir\u00e9n\u00e9 et Villefranche).<br \/>Suite \u00e0 la reconnaissance d\u2019Utilit\u00e9 publique de la Conf\u00e9d\u00e9ration des AFC par la Conseil d\u2019Etat le 14 d\u00e9cembre 2004, la F\u00e9d\u00e9ration du Rh\u00f4ne modifia ses statuts le 18 octobre 2005 afin de se mettre en conformit\u00e9 et ainsi \u00eatre habilit\u00e9e \u00e0 recevoir dons et legs.<br \/>En 1977, le si\u00e8ge de la F\u00e9d\u00e9ration s\u2019installa au 15, rue Sala, puis en 1982 au 4, rue des remparts d\u2019Ainay , local dont elle est propri\u00e9taire depuis 2013. Des permanences purent y \u00eatre assur\u00e9es (et le sont encore)\u00a0 gr\u00e2ce \u00e0 des b\u00e9n\u00e9voles et des salari\u00e9s.<br \/>Diff\u00e9rentes activit\u00e9s ont jalonn\u00e9 toutes ces ann\u00e9es :<br \/>Des p\u00e8lerinages \u00e0 Rome en 1984, Reims en 1996, \u00e0 Notre-Dame \u2013du- Laus,\u00a0 Ars, la Salette ; l\u2019\u2019accueil de Jean-Paul II en 1986 \u00e0 Lyon ; la rencontre Famille Chr\u00e9tienne ;<br \/>Les messes mensuelles ; des conf\u00e9rences, des spectacles ( le spectacle de marionnettes \u00e0 Fourvi\u00e8re, les fr\u00e8res Martineau..), la Qu\u00eate pour la Vie ; les cercles de lecture pour les enfants ;<br \/>Les manifestations pour l\u2019\u00e9cole libre en 1984, la d\u00e9fense des\u00a0 allocation familiales sans oublier celles contre le mariage pour tous en 2013 et 2014.<br \/>Un journal d\u2019information fut \u00e9dit\u00e9 d\u00e8s 1994 et les 2 premiers Chantiers-Education virent le jour en 1998 pour \u00eatre aujourd\u2019hui au nombre de 29.<br \/>Nous ne saurons remercier suffisamment tous les pr\u00e9sidents qui se sont succ\u00e9d\u00e9s au service de la f\u00e9d\u00e9ration, particuli\u00e8rement monsieur Brunet-Lecomte de 1970 \u00e0 1990, messieurs Rimaud, Richard, Grandjean, de Lestrange , mesdames d\u2019Augustin , Castaing, Manchon, de Dinechin et Girard et nos conseillers religieux, le p\u00e8re Babolat , le p\u00e8re Campion.<\/p>\n<p>______________________________________________________________________<\/p>\n<p>Interview fin 2012 de M. <strong>Brunet Lecomte<\/strong>, fondateur des AFC \u00e0 Lyon<\/p>\n<p><strong><em>Vous avez fond\u00e9 les AFC \u00e0 Lyon. Pourquoi ?<\/em><\/strong><\/p>\n<p>C\u2019est assez myst\u00e9rieux\u2026 Les catholiques de droite, les Tradis n&rsquo;avaient pas de support. J&rsquo;ai rencontr\u00e9 un responsable AFC qui m&rsquo;a dit : \u00ab\u00a0il faut faire quelque chose \u00e0 Lyon\u00a0\u00bb. Pendant plusieurs ann\u00e9es, on a simplement lanc\u00e9 des cycles de conf\u00e9rences (Hibon etc.) qui ont eu un certain succ\u00e8s. On louait la salle Ste Th\u00e9r\u00e8se \u00e0 Lyon qui peut contenir plusieurs centaines de personnes et la salle \u00e9tait g\u00e9n\u00e9ralement bien remplie. Cela a permis de constituer un vivier de gens int\u00e9ress\u00e9s, mais il n&rsquo;y avait pas encore d&rsquo;association \u00e0 ce moment l\u00e0.<\/p>\n<p>Tout a commenc\u00e9 en 1955. Le point de d\u00e9part fut ces 4 ou 5 conf\u00e9rences de chaque ann\u00e9e portant sur des questions politiques ou religieuses. Devant leur succ\u00e8s, on a d\u00e9cid\u00e9 de constituer une association. Un certain nombre de gens sont venus nous aider et on a eu la chance de trouver ce local. On rencontrait assez souvent Marthe Robin et le P\u00e8re Finet. Toutes les fois qu&rsquo;on organisait une conf\u00e9rence, on en parlait au P\u00e8re Finet. On \u00e9tait tr\u00e8s soutenus. On a lanc\u00e9 les AFC apr\u00e8s cette s\u00e9rie de conf\u00e9rences; c&rsquo;\u00e9tait en 1967, je crois.<\/p>\n<p>Marthe Robin a dit que les AFC \u00e9taient une \u0153uvre de Dieu. Elle ne disait pas cela pour me faire plaisir. Elle \u00e9tait convaincue en elle-m\u00eame que c&rsquo;\u00e9tait quelque chose qui \u00e9tait voulu par Dieu. Cela nous a beaucoup marqu\u00e9s surtout quand on connaissait la vie de Marthe Robin, et je la voyais souvent. J&rsquo;ai eu de sa part des informations importantes. Et je suis persuad\u00e9 qu&rsquo;elle est pour beaucoup dans le groupement qui s&rsquo;est fait autour de nous \u00e0 ce moment l\u00e0, d&rsquo;autant plus qu&rsquo;on avait des \u00e9quipes de gens qu&rsquo;on connaissait bien.<\/p>\n<p>Et puis, peu de temps apr\u00e8s, on a rencontr\u00e9 le P\u00e8re Philippe au grand dynamisme spirituel qui nous a bien aid\u00e9s. C&rsquo;\u00e9tait tr\u00e8s important. On a \u00e9t\u00e9 \u00e0 la Salette, \u00e0 Ars, au Puy, toute une s\u00e9rie de p\u00e8lerinages qui a renforc\u00e9 et constitu\u00e9 notre groupe.<\/p>\n<p>On avait la chance de b\u00e9n\u00e9ficier d&rsquo;un personnage comme le P\u00e8re Philippe. Il avait une facult\u00e9 de parole extraordinaire. Le P\u00e8re Finet fut aussi notre aum\u00f4nier. C\u2019\u00e9tait assez remarquable !<\/p>\n<p><strong><em>Quelles ont \u00e9t\u00e9 les grandes heures des AFC ?<\/em><\/strong><\/p>\n<p>Il y a eu le formidable p\u00e8lerinage \u00e0 Rome en 1980 avec Henri de Courville, le p\u00e8re de Guy, personnage extraordinaire. Nous \u00e9tions tr\u00e8s li\u00e9s et on a organis\u00e9 ce 1<sup>er<\/sup> p\u00e8lerinage des familles dans la Ville Eternelle qui a \u00e9t\u00e9 un \u00e9norme succ\u00e8s. On a rempli la salle Paul VI, \u00e0 Rome ! On a mis en place 3 trains : un qui partait de Paris, un qui partait de Marseille et le 3<sup>\u00e8me<\/sup> qui partait de Lyon. Henri de Courville, un ancien militaire, \u00e9tait un organisateur hors pair, et le P\u00e8re Philippe \u00e9tait de la partie ainsi qu&rsquo;un autre P\u00e8re de St Jean, le P\u00e8re Philippe-Marie.<\/p>\n<p>A ce moment l\u00e0, Marthe Robin vivait encore. Je me rappelle qu&rsquo;elle est morte <em>(en 1981)<\/em> le jour o\u00f9 on a fait un p\u00e8lerinage \u00e0 Fourvi\u00e8re; on remplissait Fourvi\u00e8re !<\/p>\n<p>Une autre grande r\u00e9union a eu lieu au palais des Congr\u00e8s sur le th\u00e8me de <em>la femme dans la vie<\/em> <em>familiale. <\/em>Etaient pr\u00e9sents le P\u00e8re Ch\u00e9nier (?), un \u00e9v\u00eaque de Rome charg\u00e9 des questions familiales et le P\u00e8re Yannick Bonnet. M\u00eame Raymond Barre y a assist\u00e9\u2026et il s&rsquo;est endormi pendant une conf\u00e9rence !<\/p>\n<p><strong><em>Pendant combien de temps avez-vous \u00e9t\u00e9 le pr\u00e9sident des AFC ?<\/em><\/strong><\/p>\n<p>Vingt ans, non pas parce que je voulais rester pr\u00e9sident mais parce que je ne trouvais personne qui veuille reprendre tout en ayant v\u00e9cu cette p\u00e9riode\u2026 Et on voyait souvent le cardinal (Gerlier). On a eu imm\u00e9diatement une opposition d&rsquo;un certain nombre de clercs. Le cardinal disait que ce n&rsquo;\u00e9tait pas la peine de faire une association. Le cardinal Barbarin nous est davantage proche. Je crois savoir que ses parents \u00e9taient aux AFC. Cela aide ! On a \u00e9t\u00e9 tr\u00e8s li\u00e9s aussi avec le cardinal Decourtray.<\/p>\n<p>A Lyon, on a eu beaucoup de mal avec Golias. Il y a toujours eu une opposition contre le mouvement.<\/p>\n<p>On organisait chaque mois une messe des AFC, en semaine, dans des paroisses diff\u00e9rentes. Cela a contribu\u00e9 \u00e0 nous faire conna\u00eetre. On allait voir le cur\u00e9; on lui expliquait et on lui demandait une messe. Et cela a dur\u00e9 un certain temps.<\/p>\n<p>On a toujours eu une attitude qui m&rsquo;a paru tout \u00e0 fait n\u00e9cessaire : c&rsquo;est de faire connaissance avec toutes les autres associations qui, de pr\u00e8s ou de loin, s&rsquo;int\u00e9ressaient \u00e0 la famille, \u00ab\u00a0Magnificat\u00a0\u00bb, par exemple, ce sont des gens tr\u00e8s d\u00e9vou\u00e9s, et puis on avait pris contact aussi avec les \u00e9quipes Notre Dame, les APEL, le Phare, le Clerc etc.<\/p>\n<p>Il faut se faire conna\u00eetre, personnellement, et expliquer les choses.<\/p>\n<p>Une autre id\u00e9e qui nous a toujours pr\u00e9occup\u00e9s \u00e9tait de faire des r\u00e9unions ou des conf\u00e9rences avec d&rsquo;autres mouvements. On a fait, une ann\u00e9e, une conf\u00e9rence au Palais des Congr\u00e8s qui a tr\u00e8s bien march\u00e9 avec les \u00e9quipes Notre Dame et l&rsquo;Emmanuel. On avait rempli la salle et fait venir un \u00e9v\u00eaque pour montrer qu&rsquo;on d\u00e9fendait la famille ! Les gens qu&rsquo;on faisait venir \u00e9taient \u00e0 l&rsquo;inverse de la mentalit\u00e9 g\u00e9n\u00e9rale lyonnaise\u2026 Ce n&rsquo;est pas normal de faire venir des gens de Paris alors qu&rsquo;\u00e0 Lyon, il y a suffisamment d\u2019intellectuels\u2026<\/p>\n<p>Cela a \u00e9t\u00e9 une initiative qui nous a \u00e9t\u00e9 favorable parce qu&rsquo;elle nous a fait conna\u00eetre mais, en m\u00eame temps, qui s&rsquo;est oppos\u00e9e, non pas directement, ni volontairement, \u00e0 la mentalit\u00e9 \u00ab\u00a0progressiste\u00a0\u00bb qui \u00e9tait majoritaire \u00e0 Lyon.<\/p>","protected":false},"excerpt":{"rendered":"<p>La f\u00e9d\u00e9ration des AFC du Rh\u00f4ne (ou FAFC du Rh\u00f4ne) regroupe les cinq AFC locales du d\u00e9partement. Elle f\u00eate en 2017 ses 50 ans d&rsquo;existence ! Depuis 2024, le pr\u00e9sident de la f\u00e9d\u00e9ration du Rh\u00f4ne est Marc Vittoz. C\u2019est le &hellip; <a href=\"https:\/\/www.afc69.fr\/?page_id=1377\">Continuer la lecture <span class=\"meta-nav\">&rarr;<\/span><\/a><\/p>\n","protected":false},"author":2,"featured_media":0,"parent":0,"menu_order":0,"comment_status":"closed","ping_status":"closed","template":"","meta":{"footnotes":""},"class_list":["post-1377","page","type-page","status-publish","hentry"],"_links":{"self":[{"href":"https:\/\/www.afc69.fr\/index.php?rest_route=\/wp\/v2\/pages\/1377","targetHints":{"allow":["GET"]}}],"collection":[{"href":"https:\/\/www.afc69.fr\/index.php?rest_route=\/wp\/v2\/pages"}],"about":[{"href":"https:\/\/www.afc69.fr\/index.php?rest_route=\/wp\/v2\/types\/page"}],"author":[{"embeddable":true,"href":"https:\/\/www.afc69.fr\/index.php?rest_route=\/wp\/v2\/users\/2"}],"replies":[{"embeddable":true,"href":"https:\/\/www.afc69.fr\/index.php?rest_route=%2Fwp%2Fv2%2Fcomments&post=1377"}],"version-history":[{"count":8,"href":"https:\/\/www.afc69.fr\/index.php?rest_route=\/wp\/v2\/pages\/1377\/revisions"}],"predecessor-version":[{"id":14909,"href":"https:\/\/www.afc69.fr\/index.php?rest_route=\/wp\/v2\/pages\/1377\/revisions\/14909"}],"wp:attachment":[{"href":"https:\/\/www.afc69.fr\/index.php?rest_route=%2Fwp%2Fv2%2Fmedia&parent=1377"}],"curies":[{"name":"wp","href":"https:\/\/api.w.org\/{rel}","templated":true}]}}